{"id":47532,"date":"2025-07-29T15:01:15","date_gmt":"2025-07-29T15:01:15","guid":{"rendered":"https:\/\/demo.mfwa.org\/?page_id=47532"},"modified":"2025-07-30T08:54:45","modified_gmt":"2025-07-30T08:54:45","slug":"our-activities","status":"publish","type":"page","link":"https:\/\/demo.mfwa.org\/fr\/programmes\/freedom-of-expression-advocacy\/our-activities\/","title":{"rendered":"Nos Activit\u00e9s &amp; Projets"},"content":{"rendered":"\t\t<div data-elementor-type=\"wp-page\" data-elementor-id=\"47532\" class=\"elementor elementor-47532\" data-elementor-post-type=\"page\">\n\t\t\t\t\t\t<section class=\"elementor-section elementor-top-section elementor-element elementor-element-2fb1b71 elementor-section-full_width elementor-section-stretched elementor-section-height-default elementor-section-height-default sc_fly_static\" data-id=\"2fb1b71\" data-element_type=\"section\" data-e-type=\"section\" data-settings=\"{&quot;stretch_section&quot;:&quot;section-stretched&quot;}\">\n\t\t\t\t\t\t<div class=\"elementor-container elementor-column-gap-no\">\n\t\t\t\t\t<div class=\"elementor-column elementor-col-100 elementor-top-column elementor-element elementor-element-aeff7cd sc_content_align_inherit sc_layouts_column_icons_position_left sc_fly_static\" data-id=\"aeff7cd\" data-element_type=\"column\" data-e-type=\"column\">\n\t\t\t<div class=\"elementor-widget-wrap elementor-element-populated\">\n\t\t\t\t\t\t<div class=\"elementor-element elementor-element-5da64ef sc_fly_static elementor-widget elementor-widget-image\" data-id=\"5da64ef\" data-element_type=\"widget\" data-e-type=\"widget\" data-widget_type=\"image.default\">\n\t\t\t\t<div class=\"elementor-widget-container\">\n\t\t\t\t\t\t\t\t\t\t\t\t\t\t\t<img fetchpriority=\"high\" decoding=\"async\" width=\"2000\" height=\"794\" src=\"https:\/\/demo.mfwa.org\/wp-content\/uploads\/2025\/07\/fex.jpg\" class=\"attachment-full size-full wp-image-46717\" alt=\"\" srcset=\"https:\/\/demo.mfwa.org\/wp-content\/uploads\/2025\/07\/fex.jpg 2000w, https:\/\/demo.mfwa.org\/wp-content\/uploads\/2025\/07\/fex-600x238.jpg 600w, https:\/\/demo.mfwa.org\/wp-content\/uploads\/2025\/07\/fex-1024x407.jpg 1024w, https:\/\/demo.mfwa.org\/wp-content\/uploads\/2025\/07\/fex-768x305.jpg 768w, https:\/\/demo.mfwa.org\/wp-content\/uploads\/2025\/07\/fex-1536x610.jpg 1536w, https:\/\/demo.mfwa.org\/wp-content\/uploads\/2025\/07\/fex-370x147.jpg 370w, https:\/\/demo.mfwa.org\/wp-content\/uploads\/2025\/07\/fex-840x333.jpg 840w, https:\/\/demo.mfwa.org\/wp-content\/uploads\/2025\/07\/fex-410x163.jpg 410w\" sizes=\"(max-width: 2000px) 100vw, 2000px\" \/>\t\t\t\t\t\t\t\t\t\t\t\t\t\t\t<\/div>\n\t\t\t\t<\/div>\n\t\t\t\t\t<\/div>\n\t\t<\/div>\n\t\t\t\t\t<\/div>\n\t\t<\/section>\n\t\t\t\t<section class=\"elementor-section-with-custom-width elementor-section elementor-top-section elementor-element elementor-element-d36dbf8 elementor-reverse-mobile elementor-section-boxed elementor-section-height-default elementor-section-height-default sc_fly_static\" data-id=\"d36dbf8\" data-element_type=\"section\" data-e-type=\"section\">\n\t\t\t\t\t\t<div class=\"elementor-container elementor-column-gap-default\">\n\t\t\t\t\t<div class=\"elementor-column elementor-col-50 elementor-top-column elementor-element elementor-element-40b0107 sc_content_align_inherit sc_layouts_column_icons_position_left sc_fly_static\" data-id=\"40b0107\" data-element_type=\"column\" data-e-type=\"column\">\n\t\t\t<div class=\"elementor-widget-wrap elementor-element-populated\">\n\t\t\t\t\t\t<div class=\"elementor-element elementor-element-4546c81 sc_fly_static elementor-widget elementor-widget-html\" data-id=\"4546c81\" data-element_type=\"widget\" data-e-type=\"widget\" data-widget_type=\"html.default\">\n\t\t\t\t<div class=\"elementor-widget-container\">\n\t\t\t\t\t<!DOCTYPE html>\n<html lang=\"en\">\n<head>\n  <meta charset=\"UTF-8\">\n  <title>MFWA\u2011style Sidebar Menu<\/title>\n  <style>\n    body {\n      margin: 0;\n      font-family: \"Segoe UI\", Tahoma, Geneva, Verdana, sans-serif;\n      display: flex;\n      background-color: #f5f5f5;\n    }\n\n    .sidebar {\n      position: fixed;\n      top: 20px;\n      left: 20px;\n      width: 100%;\n      background: #fff;\n      border: 1px solid #ddd;\n      border-radius: 4px;\n      padding: 10px 0;\n      box-shadow: 0 1px 3px rgba(0,0,0,0.1);\n    }\n\n    .sidebar ul {\n      list-style: none;\n      margin: 0;\n      padding: 0;\n      height: 300px;\n      overflow-y: auto;\n    }\n\n    .sidebar ul li {\n      margin: 0;\n    }\n\n    .sidebar ul li a {\n      display: block;\n      padding: 10px 20px;\n      color: #c12d2b;\n      text-decoration: none;\n      font-size: 18px;\n      border-left: 3px solid transparent;\n      transition: background 0.2s, border-color 0.2s;\n      font-weight: 760;\n    }\n\n    .sidebar ul li a:hover {\n      background-color: #f0f0f0;\n      border-left-color: #0078d7;\n      color: #c12d2b;\n    }\n\n    .content {\n      margin-left: 240px;\n      padding: 40px;\n      flex: 1;\n    }\n\n    .dummy-content {\n      height: auto;\n    }\n  <\/style>\n<\/head>\n<body>\n\n  <nav class=\"sidebar\">\n      <h3>Acc\u00e8s Rapide<\/h3>\n    <ul>\n      <li><a href=\"https:\/\/demo.mfwa.org\/fr\/programmes\/freedom-of-expression-advocacy\/our-activities\">Nos Activit\u00e9s & Projets<\/a><\/li>\n      <li><a href=\"https:\/\/demo.mfwa.org\/fr\/programmes\/freedom-of-expression-advocacy\/the-team\">L'Equipe<\/a><\/li>\n      <li><a href=\"https:\/\/demo.mfwa.org\/fr\/programmes\/freedom-of-expression-advocacy\/success-stories\">R\u00e9cits de succ\u00e8s<\/a><\/li>\n      <li><a href=\"https:\/\/demo.mfwa.org\/donate\">Faire un don<\/a><\/li>\n    <\/ul>\n  <\/nav>\n\n  <main class=\"content\">\n    <div class=\"dummy-content\"><\/div>\n  <\/main>\n\n<\/body>\n<\/html>\n\n\n\t\t\t\t<\/div>\n\t\t\t\t<\/div>\n\t\t\t\t\t<\/div>\n\t\t<\/div>\n\t\t\t\t<div class=\"elementor-column elementor-col-50 elementor-top-column elementor-element elementor-element-f6bc9de sc_content_align_inherit sc_layouts_column_icons_position_left sc_fly_static\" data-id=\"f6bc9de\" data-element_type=\"column\" data-e-type=\"column\">\n\t\t\t<div class=\"elementor-widget-wrap elementor-element-populated\">\n\t\t\t\t\t\t<div class=\"elementor-element elementor-element-8bd83cf sc_fly_static elementor-widget elementor-widget-trx_sc_layouts_title\" data-id=\"8bd83cf\" data-element_type=\"widget\" data-e-type=\"widget\" data-widget_type=\"trx_sc_layouts_title.default\">\n\t\t\t\t<div class=\"elementor-widget-container\">\n\t\t\t\t\t<div class=\"sc_layouts_title with_content without_image without_tint\" ><div class=\"sc_layouts_title_content\"><div class=\"sc_layouts_title_title\"><h1 class=\"sc_layouts_title_caption\">Nos Activit\u00e9s &amp; Projets<\/h1><\/div><div class=\"sc_layouts_title_breadcrumbs\"><div class=\"breadcrumbs\"><a class=\"breadcrumbs_item home\" href=\"https:\/\/demo.mfwa.org\/fr\/\">Home<\/a><span class=\"breadcrumbs_delimiter\"><\/span><span class=\"breadcrumbs_item current\">Nos Activit\u00e9s &amp; Projets<\/span><\/div><\/div><\/div><\/div>\t\t\t\t<\/div>\n\t\t\t\t<\/div>\n\t\t\t\t<div class=\"elementor-element elementor-element-593c9aa sc_fly_static elementor-widget elementor-widget-text-editor\" data-id=\"593c9aa\" data-element_type=\"widget\" data-e-type=\"widget\" data-widget_type=\"text-editor.default\">\n\t\t\t\t<div class=\"elementor-widget-container\">\n\t\t\t\t\t\t\t\t\t<div class=\"td-fix-index\"><div class=\"td-fix-index\"><div class=\"td-fix-index\">Nos activit\u00e9s en cours et les projets sous ce programme se focalisent sur\u00a0:<p>\u00a0<\/p><ul><li><strong>Libert\u00e9 d\u2019Internet et le Plaidoyer pour les Droits Num\u00e9riques<\/strong>: Nous renfor\u00e7ons la capacit\u00e9 des groupes de la soci\u00e9t\u00e9 civile et les medias et entreprenons un plaidoyer collectif pour s\u2019assurer de\u00a0l\u2019adoption et de la mise en \u0153uvre des politiques de l\u2019internet et les lois qui promeuvent et prot\u00e8gent le droit de la population \u00e0 la libert\u00e9 d\u2019expression en ligne.<\/li><li><strong>S\u00fbret\u00e9 des Journalistes et les Campagnes Anti-Impunit\u00e9<\/strong>: Nous travaillons en collaboration avec nos partenaires nationaux pour s\u2019assurer que les journalistes demeurent en s\u00e9curit\u00e9 et que les crimes commis contre les journalistes soient d\u00fbment investigu\u00e9s et que les auteurs soient punis.<\/li><\/ul><ul><li><strong>Suivi des Droits des M\u00e9dias<\/strong>: De fa\u00e7on proactive et continue nous faisons le suivi des violations perp\u00e9tr\u00e9es contre les journalistes et les travailleurs dans le secteur des m\u00e9dias et menons des campagnes pour les r\u00e9parations des violations<\/li><\/ul><ul><li><strong>Plaidoyer pour l\u2019Acc\u00e8s \u00e0 l\u2019Information<\/strong>: Nous plaidons pour le vote et la mise en \u0153uvre effective des Lois sur les Droit \u00e0 l\u2019Information pour s\u2019assurer que le droit du public \u00e0 l\u2019acc\u00e8s \u00e0 l\u2019information est garanti dans les textes de lois et respect\u00e9s dans la pratique<\/li><\/ul><\/div><\/div><\/div>\t\t\t\t\t\t\t\t<\/div>\n\t\t\t\t<\/div>\n\t\t\t\t\t<\/div>\n\t\t<\/div>\n\t\t\t\t\t<\/div>\n\t\t<\/section>\n\t\t\t\t<\/div>\n\t\t","protected":false},"excerpt":{"rendered":"<p>MFWA\u2011style Sidebar Menu Acc\u00e8s Rapide Nos Activit\u00e9s &#038; Projets L&#8217;Equipe R\u00e9cits de succ\u00e8s Faire un don Page (post)<\/p>\n","protected":false},"author":65,"featured_media":0,"parent":46710,"menu_order":0,"comment_status":"closed","ping_status":"closed","template":"","meta":{"footnotes":""},"staff-position":[],"class_list":["post-47532","page","type-page","status-publish","hentry"],"_links":{"self":[{"href":"https:\/\/demo.mfwa.org\/fr\/wp-json\/wp\/v2\/pages\/47532","targetHints":{"allow":["GET"]}}],"collection":[{"href":"https:\/\/demo.mfwa.org\/fr\/wp-json\/wp\/v2\/pages"}],"about":[{"href":"https:\/\/demo.mfwa.org\/fr\/wp-json\/wp\/v2\/types\/page"}],"author":[{"embeddable":true,"href":"https:\/\/demo.mfwa.org\/fr\/wp-json\/wp\/v2\/users\/65"}],"replies":[{"embeddable":true,"href":"https:\/\/demo.mfwa.org\/fr\/wp-json\/wp\/v2\/comments?post=47532"}],"version-history":[{"count":16,"href":"https:\/\/demo.mfwa.org\/fr\/wp-json\/wp\/v2\/pages\/47532\/revisions"}],"predecessor-version":[{"id":47727,"href":"https:\/\/demo.mfwa.org\/fr\/wp-json\/wp\/v2\/pages\/47532\/revisions\/47727"}],"up":[{"embeddable":true,"href":"https:\/\/demo.mfwa.org\/fr\/wp-json\/wp\/v2\/pages\/46710"}],"wp:attachment":[{"href":"https:\/\/demo.mfwa.org\/fr\/wp-json\/wp\/v2\/media?parent=47532"}],"wp:term":[{"taxonomy":"staff-position","embeddable":true,"href":"https:\/\/demo.mfwa.org\/fr\/wp-json\/wp\/v2\/staff-position?post=47532"}],"curies":[{"name":"wp","href":"https:\/\/api.w.org\/{rel}","templated":true}]}}