{"id":47538,"date":"2025-07-29T15:03:42","date_gmt":"2025-07-29T15:03:42","guid":{"rendered":"https:\/\/demo.mfwa.org\/?page_id=47538"},"modified":"2025-07-29T15:24:00","modified_gmt":"2025-07-29T15:24:00","slug":"success-stories","status":"publish","type":"page","link":"https:\/\/demo.mfwa.org\/fr\/programmes\/freedom-of-expression-advocacy\/success-stories\/","title":{"rendered":"R\u00e9cits de Succ\u00e8s"},"content":{"rendered":"\t\t<div data-elementor-type=\"wp-page\" data-elementor-id=\"47538\" class=\"elementor elementor-47538\" data-elementor-post-type=\"page\">\n\t\t\t\t\t\t<section class=\"elementor-section elementor-top-section elementor-element elementor-element-2fb1b71 elementor-section-full_width elementor-section-stretched elementor-section-height-default elementor-section-height-default sc_fly_static\" data-id=\"2fb1b71\" data-element_type=\"section\" data-e-type=\"section\" data-settings=\"{&quot;stretch_section&quot;:&quot;section-stretched&quot;}\">\n\t\t\t\t\t\t<div class=\"elementor-container elementor-column-gap-no\">\n\t\t\t\t\t<div class=\"elementor-column elementor-col-100 elementor-top-column elementor-element elementor-element-aeff7cd sc_content_align_inherit sc_layouts_column_icons_position_left sc_fly_static\" data-id=\"aeff7cd\" data-element_type=\"column\" data-e-type=\"column\">\n\t\t\t<div class=\"elementor-widget-wrap elementor-element-populated\">\n\t\t\t\t\t\t<div class=\"elementor-element elementor-element-5da64ef sc_fly_static elementor-widget elementor-widget-image\" data-id=\"5da64ef\" data-element_type=\"widget\" data-e-type=\"widget\" data-widget_type=\"image.default\">\n\t\t\t\t<div class=\"elementor-widget-container\">\n\t\t\t\t\t\t\t\t\t\t\t\t\t\t\t<img fetchpriority=\"high\" decoding=\"async\" width=\"2000\" height=\"794\" src=\"https:\/\/demo.mfwa.org\/wp-content\/uploads\/2025\/07\/fex.jpg\" class=\"attachment-full size-full wp-image-46716\" alt=\"\" srcset=\"https:\/\/demo.mfwa.org\/wp-content\/uploads\/2025\/07\/fex.jpg 2000w, https:\/\/demo.mfwa.org\/wp-content\/uploads\/2025\/07\/fex-600x238.jpg 600w, https:\/\/demo.mfwa.org\/wp-content\/uploads\/2025\/07\/fex-1024x407.jpg 1024w, https:\/\/demo.mfwa.org\/wp-content\/uploads\/2025\/07\/fex-768x305.jpg 768w, https:\/\/demo.mfwa.org\/wp-content\/uploads\/2025\/07\/fex-1536x610.jpg 1536w, https:\/\/demo.mfwa.org\/wp-content\/uploads\/2025\/07\/fex-370x147.jpg 370w, https:\/\/demo.mfwa.org\/wp-content\/uploads\/2025\/07\/fex-840x333.jpg 840w, https:\/\/demo.mfwa.org\/wp-content\/uploads\/2025\/07\/fex-410x163.jpg 410w\" sizes=\"(max-width: 2000px) 100vw, 2000px\" \/>\t\t\t\t\t\t\t\t\t\t\t\t\t\t\t<\/div>\n\t\t\t\t<\/div>\n\t\t\t\t\t<\/div>\n\t\t<\/div>\n\t\t\t\t\t<\/div>\n\t\t<\/section>\n\t\t\t\t<section class=\"elementor-section-with-custom-width elementor-section elementor-top-section elementor-element elementor-element-d36dbf8 elementor-reverse-mobile elementor-section-boxed elementor-section-height-default elementor-section-height-default sc_fly_static\" data-id=\"d36dbf8\" data-element_type=\"section\" data-e-type=\"section\">\n\t\t\t\t\t\t<div class=\"elementor-container elementor-column-gap-default\">\n\t\t\t\t\t<div class=\"elementor-column elementor-col-50 elementor-top-column elementor-element elementor-element-40b0107 sc_content_align_inherit sc_layouts_column_icons_position_left sc_fly_static\" data-id=\"40b0107\" data-element_type=\"column\" data-e-type=\"column\">\n\t\t\t<div class=\"elementor-widget-wrap elementor-element-populated\">\n\t\t\t\t\t\t<div class=\"elementor-element elementor-element-4546c81 sc_fly_static elementor-widget elementor-widget-html\" data-id=\"4546c81\" data-element_type=\"widget\" data-e-type=\"widget\" data-widget_type=\"html.default\">\n\t\t\t\t<div class=\"elementor-widget-container\">\n\t\t\t\t\t<!DOCTYPE html>\n<html lang=\"en\">\n<head>\n  <meta charset=\"UTF-8\">\n  <title>MFWA\u2011style Sidebar Menu<\/title>\n  <style>\n    body {\n      margin: 0;\n      font-family: \"Segoe UI\", Tahoma, Geneva, Verdana, sans-serif;\n      display: flex;\n      background-color: #f5f5f5;\n    }\n\n    .sidebar {\n      position: fixed;\n      top: 20px;\n      left: 20px;\n      width: 100%;\n      background: #fff;\n      border: 1px solid #ddd;\n      border-radius: 4px;\n      padding: 10px 0;\n      box-shadow: 0 1px 3px rgba(0,0,0,0.1);\n    }\n\n    .sidebar ul {\n      list-style: none;\n      margin: 0;\n      padding: 0;\n      height: 300px;\n      overflow-y: auto;\n    }\n\n    .sidebar ul li {\n      margin: 0;\n    }\n\n    .sidebar ul li a {\n      display: block;\n      padding: 10px 20px;\n      color: #c12d2b;\n      text-decoration: none;\n      font-size: 18px;\n      border-left: 3px solid transparent;\n      transition: background 0.2s, border-color 0.2s;\n      font-weight: 760;\n    }\n\n    .sidebar ul li a:hover {\n      background-color: #f0f0f0;\n      border-left-color: #0078d7;\n      color: #c12d2b;\n    }\n\n    .content {\n      margin-left: 240px;\n      padding: 40px;\n      flex: 1;\n    }\n\n    .dummy-content {\n      height: auto;\n    }\n  <\/style>\n<\/head>\n<body>\n\n  <nav class=\"sidebar\">\n      <h3>Acc\u00e8s Rapide<\/h3>\n    <ul>\n      <li><a href=\"https:\/\/demo.mfwa.org\/fr\/programmes\/freedom-of-expression-advocacy\/our-activities\">Nos Activit\u00e9s & Projets<\/a><\/li>\n      <li><a href=\"https:\/\/demo.mfwa.org\/fr\/programmes\/freedom-of-expression-advocacy\/the-team\">L'Equipe<\/a><\/li>\n      <li><a href=\"https:\/\/demo.mfwa.org\/fr\/programmes\/freedom-of-expression-advocacy\/success-stories\">R\u00e9cits de succ\u00e8s<\/a><\/li>\n      <li><a href=\"https:\/\/demo.mfwa.org\/donate\">Faire un don<\/a><\/li>\n    <\/ul>\n  <\/nav>\n\n  <main class=\"content\">\n    <div class=\"dummy-content\"><\/div>\n  <\/main>\n\n<\/body>\n<\/html>\n\n\n\t\t\t\t<\/div>\n\t\t\t\t<\/div>\n\t\t\t\t\t<\/div>\n\t\t<\/div>\n\t\t\t\t<div class=\"elementor-column elementor-col-50 elementor-top-column elementor-element elementor-element-f6bc9de sc_content_align_inherit sc_layouts_column_icons_position_left sc_fly_static\" data-id=\"f6bc9de\" data-element_type=\"column\" data-e-type=\"column\">\n\t\t\t<div class=\"elementor-widget-wrap elementor-element-populated\">\n\t\t\t\t\t\t<div class=\"elementor-element elementor-element-8bd83cf sc_fly_static elementor-widget elementor-widget-trx_sc_layouts_title\" data-id=\"8bd83cf\" data-element_type=\"widget\" data-e-type=\"widget\" data-widget_type=\"trx_sc_layouts_title.default\">\n\t\t\t\t<div class=\"elementor-widget-container\">\n\t\t\t\t\t<div class=\"sc_layouts_title with_content without_image without_tint\" ><div class=\"sc_layouts_title_content\"><div class=\"sc_layouts_title_title\"><h1 class=\"sc_layouts_title_caption\">R\u00e9cits de Succ\u00e8s<\/h1><\/div><div class=\"sc_layouts_title_breadcrumbs\"><div class=\"breadcrumbs\"><a class=\"breadcrumbs_item home\" href=\"https:\/\/demo.mfwa.org\/fr\/\">Home<\/a><span class=\"breadcrumbs_delimiter\"><\/span><span class=\"breadcrumbs_item current\">R\u00e9cits de Succ\u00e8s<\/span><\/div><\/div><\/div><\/div>\t\t\t\t<\/div>\n\t\t\t\t<\/div>\n\t\t\t\t<div class=\"elementor-element elementor-element-593c9aa sc_fly_static elementor-widget elementor-widget-text-editor\" data-id=\"593c9aa\" data-element_type=\"widget\" data-e-type=\"widget\" data-widget_type=\"text-editor.default\">\n\t\t\t\t<div class=\"elementor-widget-container\">\n\t\t\t\t\t\t\t\t\t<div class=\"td-fix-index\"><div class=\"td-fix-index\"><div class=\"td-fix-index\"><div class=\"td-fix-index\"><div class=\"td-fix-index\"><p id=\"tw-target-text\" class=\"tw-data-text tw-text-large XcVN5d tw-ta\" dir=\"ltr\" data-placeholder=\"Traducere\"><span class=\"Y2IQFc\" lang=\"fr\">Les m\u00e9dias peuvent jouer un r\u00f4le essentiel en assurant la participation des citoyens aux discussions sur leur d\u00e9veloppement et en aidant \u00e0 tenir les autorit\u00e9s responsables devant la population. Mais ce n\u2019est que lorsque les m\u00e9dias sont libres et ind\u00e9pendants et que les citoyens sont libres de s\u2019exprimer sans aucune forme de r\u00e9pression.<\/span><\/p><p class=\"tw-data-text tw-text-large XcVN5d tw-ta\" dir=\"ltr\" data-placeholder=\"Traducere\"><span class=\"Y2IQFc\" lang=\"fr\"> C\u2019est ce que nous cherchons \u00e0 r\u00e9aliser dans le cadre de ce programme: des m\u00e9dias libres et ind\u00e9pendants et un environnement dans lequel les gens peuvent s\u2019exprimer librement. Depuis 22 ans, nous gardons un \u0153il vigilant sur le paysage m\u00e9diatique des 16 pays de la r\u00e9gion. Dans le processus, nous avons constamment d\u00e9nonc\u00e9 les violations des droits des m\u00e9dias et de la libert\u00e9 d\u2019expression et avons exerc\u00e9 des pressions sur les autorit\u00e9s pour qu\u2019elles agissent de mani\u00e8re \u00e0 favoriser la libert\u00e9 de la presse et la libert\u00e9 d\u2019expression. <\/span><\/p><p class=\"tw-data-text tw-text-large XcVN5d tw-ta\" dir=\"ltr\" data-placeholder=\"Traducere\"><span class=\"Y2IQFc\" lang=\"fr\">Cela a certainement contribu\u00e9 \u00e0 faire de l\u2019Afrique de l\u2019Ouest un endroit relativement meilleur pour la libert\u00e9 de la presse et la libert\u00e9 d\u2019expression par rapport \u00e0 d\u2019autres r\u00e9gions du continent. Au cours des deux d\u00e9cennies, nous avons r\u00e9guli\u00e8rement produit des rapports sur la situation de la libert\u00e9 de la presse et de la libert\u00e9 d\u2019expression dans la r\u00e9gion, y compris des myriades d\u2019alertes chaque ann\u00e9e. Nous avons, avec nos partenaires, plaid\u00e9 avec succ\u00e8s pour l\u2019adoption de lois sur l\u2019acc\u00e8s \u00e0 l\u2019information au Lib\u00e9ria, en Sierra Leone, au Nig\u00e9ria, au Burkina Faso, au Togo, au Niger, en Guin\u00e9e et, plus r\u00e9cemment, au Ghana. <\/span><\/p><p class=\"tw-data-text tw-text-large XcVN5d tw-ta\" dir=\"ltr\" data-placeholder=\"Traducere\"><span class=\"Y2IQFc\" lang=\"fr\">Nous avons \u00e9galement travaill\u00e9 pour que les lois p\u00e9nales sur la diffamation soient abrog\u00e9es au Ghana et au Lib\u00e9ria, et avons rendu tr\u00e8s impopulaire l\u2019application de ces lois dans les pays o\u00f9 elles existent encore. Nos travaux ont contribu\u00e9 \u00e0 la lib\u00e9ration des journalistes de prison et \u00e0 l\u2019obtention de la justice pour les familles de journalistes tortur\u00e9s et assassin\u00e9s.<\/span><\/p><p id=\"tw-target-text\" class=\"tw-data-text tw-text-large XcVN5d tw-ta\" dir=\"ltr\" data-placeholder=\"Traducere\"><span class=\"Y2IQFc\" lang=\"fr\">Les m\u00e9dias peuvent jouer un r\u00f4le essentiel en assurant la participation des citoyens aux discussions sur leur d\u00e9veloppement et en aidant \u00e0 tenir les autorit\u00e9s responsables devant la population. Mais ce n\u2019est que lorsque les m\u00e9dias sont libres et ind\u00e9pendants et que les citoyens sont libres de s\u2019exprimer sans aucune forme de r\u00e9pression. C\u2019est ce que nous cherchons \u00e0 r\u00e9aliser dans le cadre de ce programme: des m\u00e9dias libres et ind\u00e9pendants et un environnement dans lequel les gens peuvent s\u2019exprimer librement. Depuis 22 ans, nous gardons un \u0153il vigilant sur le paysage m\u00e9diatique des 16 pays de la r\u00e9gion.<\/span><\/p><p class=\"tw-data-text tw-text-large XcVN5d tw-ta\" dir=\"ltr\" data-placeholder=\"Traducere\"><span class=\"Y2IQFc\" lang=\"fr\"> Dans le processus, nous avons constamment d\u00e9nonc\u00e9 les violations des droits des m\u00e9dias et de la libert\u00e9 d\u2019expression et avons exerc\u00e9 des pressions sur les autorit\u00e9s pour qu\u2019elles agissent de mani\u00e8re \u00e0 favoriser la libert\u00e9 de la presse et la libert\u00e9 d\u2019expression. Cela a certainement contribu\u00e9 \u00e0 faire de l\u2019Afrique de l\u2019Ouest un endroit relativement meilleur pour la libert\u00e9 de la presse et la libert\u00e9 d\u2019expression par rapport \u00e0 d\u2019autres r\u00e9gions du continent. <\/span><\/p><p class=\"tw-data-text tw-text-large XcVN5d tw-ta\" dir=\"ltr\" data-placeholder=\"Traducere\"><span class=\"Y2IQFc\" lang=\"fr\">Au cours des deux d\u00e9cennies, nous avons r\u00e9guli\u00e8rement produit des rapports sur la situation de la libert\u00e9 de la presse et de la libert\u00e9 d\u2019expression dans la r\u00e9gion, y compris des myriades d\u2019alertes chaque ann\u00e9e. Nous avons, avec nos partenaires, plaid\u00e9 avec succ\u00e8s pour l\u2019adoption de lois sur l\u2019acc\u00e8s \u00e0 l\u2019information au Lib\u00e9ria, en Sierra Leone, au Nig\u00e9ria, au Burkina Faso, au Togo, au Niger, en Guin\u00e9e et, plus r\u00e9cemment, au Ghana. Nous avons \u00e9galement travaill\u00e9 pour que les lois p\u00e9nales sur la diffamation soient abrog\u00e9es au Ghana et au Lib\u00e9ria, et avons rendu tr\u00e8s impopulaire l\u2019application de ces lois dans les pays o\u00f9 elles existent encore. <\/span><\/p><p class=\"tw-data-text tw-text-large XcVN5d tw-ta\" dir=\"ltr\" data-placeholder=\"Traducere\"><span class=\"Y2IQFc\" lang=\"fr\">Nos travaux ont contribu\u00e9 \u00e0 la lib\u00e9ration des journalistes de prison et \u00e0 l\u2019obtention de la justice pour les familles de journalistes tortur\u00e9s et assassin\u00e9s.<\/span><\/p><\/div><\/div><\/div><\/div><\/div>\t\t\t\t\t\t\t\t<\/div>\n\t\t\t\t<\/div>\n\t\t\t\t\t<\/div>\n\t\t<\/div>\n\t\t\t\t\t<\/div>\n\t\t<\/section>\n\t\t\t\t<\/div>\n\t\t","protected":false},"excerpt":{"rendered":"<p>MFWA\u2011style Sidebar Menu Acc\u00e8s Rapide Nos Activit\u00e9s &#038; Projets L&#8217;Equipe R\u00e9cits de succ\u00e8s Faire un don Page (post)<\/p>\n","protected":false},"author":65,"featured_media":0,"parent":46710,"menu_order":0,"comment_status":"closed","ping_status":"closed","template":"","meta":{"footnotes":""},"staff-position":[],"class_list":["post-47538","page","type-page","status-publish","hentry"],"_links":{"self":[{"href":"https:\/\/demo.mfwa.org\/fr\/wp-json\/wp\/v2\/pages\/47538","targetHints":{"allow":["GET"]}}],"collection":[{"href":"https:\/\/demo.mfwa.org\/fr\/wp-json\/wp\/v2\/pages"}],"about":[{"href":"https:\/\/demo.mfwa.org\/fr\/wp-json\/wp\/v2\/types\/page"}],"author":[{"embeddable":true,"href":"https:\/\/demo.mfwa.org\/fr\/wp-json\/wp\/v2\/users\/65"}],"replies":[{"embeddable":true,"href":"https:\/\/demo.mfwa.org\/fr\/wp-json\/wp\/v2\/comments?post=47538"}],"version-history":[{"count":5,"href":"https:\/\/demo.mfwa.org\/fr\/wp-json\/wp\/v2\/pages\/47538\/revisions"}],"predecessor-version":[{"id":47544,"href":"https:\/\/demo.mfwa.org\/fr\/wp-json\/wp\/v2\/pages\/47538\/revisions\/47544"}],"up":[{"embeddable":true,"href":"https:\/\/demo.mfwa.org\/fr\/wp-json\/wp\/v2\/pages\/46710"}],"wp:attachment":[{"href":"https:\/\/demo.mfwa.org\/fr\/wp-json\/wp\/v2\/media?parent=47538"}],"wp:term":[{"taxonomy":"staff-position","embeddable":true,"href":"https:\/\/demo.mfwa.org\/fr\/wp-json\/wp\/v2\/staff-position?post=47538"}],"curies":[{"name":"wp","href":"https:\/\/api.w.org\/{rel}","templated":true}]}}