{"id":47637,"date":"2025-07-30T07:20:12","date_gmt":"2025-07-30T07:20:12","guid":{"rendered":"https:\/\/demo.mfwa.org\/?page_id=47637"},"modified":"2025-07-30T08:54:20","modified_gmt":"2025-07-30T08:54:20","slug":"success-stories","status":"publish","type":"page","link":"https:\/\/demo.mfwa.org\/fr\/programmes\/media-good-governance-and-development\/success-stories\/","title":{"rendered":"R\u00e9cits de Succ\u00e8s"},"content":{"rendered":"\t\t<div data-elementor-type=\"wp-page\" data-elementor-id=\"47637\" class=\"elementor elementor-47637\" data-elementor-post-type=\"page\">\n\t\t\t\t\t\t<section class=\"elementor-section elementor-top-section elementor-element elementor-element-2fb1b71 elementor-section-full_width elementor-section-stretched elementor-section-height-default elementor-section-height-default sc_fly_static\" data-id=\"2fb1b71\" data-element_type=\"section\" data-e-type=\"section\" data-settings=\"{&quot;stretch_section&quot;:&quot;section-stretched&quot;}\">\n\t\t\t\t\t\t<div class=\"elementor-container elementor-column-gap-no\">\n\t\t\t\t\t<div class=\"elementor-column elementor-col-100 elementor-top-column elementor-element elementor-element-aeff7cd sc_content_align_inherit sc_layouts_column_icons_position_left sc_fly_static\" data-id=\"aeff7cd\" data-element_type=\"column\" data-e-type=\"column\">\n\t\t\t<div class=\"elementor-widget-wrap elementor-element-populated\">\n\t\t\t\t\t\t<div class=\"elementor-element elementor-element-5da64ef sc_fly_static elementor-widget elementor-widget-image\" data-id=\"5da64ef\" data-element_type=\"widget\" data-e-type=\"widget\" data-widget_type=\"image.default\">\n\t\t\t\t<div class=\"elementor-widget-container\">\n\t\t\t\t\t\t\t\t\t\t\t\t\t\t\t<img fetchpriority=\"high\" decoding=\"async\" width=\"2560\" height=\"1016\" src=\"https:\/\/demo.mfwa.org\/wp-content\/uploads\/2025\/06\/media2a-scaled.jpg\" class=\"attachment-full size-full wp-image-46254\" alt=\"\" srcset=\"https:\/\/demo.mfwa.org\/wp-content\/uploads\/2025\/06\/media2a-scaled.jpg 2560w, https:\/\/demo.mfwa.org\/wp-content\/uploads\/2025\/06\/media2a-600x238.jpg 600w, https:\/\/demo.mfwa.org\/wp-content\/uploads\/2025\/06\/media2a-1024x406.jpg 1024w, https:\/\/demo.mfwa.org\/wp-content\/uploads\/2025\/06\/media2a-768x305.jpg 768w, https:\/\/demo.mfwa.org\/wp-content\/uploads\/2025\/06\/media2a-1536x610.jpg 1536w, https:\/\/demo.mfwa.org\/wp-content\/uploads\/2025\/06\/media2a-2048x813.jpg 2048w, https:\/\/demo.mfwa.org\/wp-content\/uploads\/2025\/06\/media2a-370x147.jpg 370w, https:\/\/demo.mfwa.org\/wp-content\/uploads\/2025\/06\/media2a-840x333.jpg 840w, https:\/\/demo.mfwa.org\/wp-content\/uploads\/2025\/06\/media2a-410x163.jpg 410w\" sizes=\"(max-width: 2560px) 100vw, 2560px\" \/>\t\t\t\t\t\t\t\t\t\t\t\t\t\t\t<\/div>\n\t\t\t\t<\/div>\n\t\t\t\t\t<\/div>\n\t\t<\/div>\n\t\t\t\t\t<\/div>\n\t\t<\/section>\n\t\t\t\t<section class=\"elementor-section-with-custom-width elementor-section elementor-top-section elementor-element elementor-element-d36dbf8 elementor-reverse-mobile elementor-section-boxed elementor-section-height-default elementor-section-height-default sc_fly_static\" data-id=\"d36dbf8\" data-element_type=\"section\" data-e-type=\"section\">\n\t\t\t\t\t\t<div class=\"elementor-container elementor-column-gap-default\">\n\t\t\t\t\t<div class=\"elementor-column elementor-col-50 elementor-top-column elementor-element elementor-element-40b0107 sc_content_align_inherit sc_layouts_column_icons_position_left sc_fly_static\" data-id=\"40b0107\" data-element_type=\"column\" data-e-type=\"column\">\n\t\t\t<div class=\"elementor-widget-wrap elementor-element-populated\">\n\t\t\t\t\t\t<div class=\"elementor-element elementor-element-4546c81 sc_fly_static elementor-widget elementor-widget-html\" data-id=\"4546c81\" data-element_type=\"widget\" data-e-type=\"widget\" data-widget_type=\"html.default\">\n\t\t\t\t<div class=\"elementor-widget-container\">\n\t\t\t\t\t<!DOCTYPE html>\n<html lang=\"en\">\n<head>\n  <meta charset=\"UTF-8\">\n  <title>MFWA\u2011style Sidebar Menu<\/title>\n  <style>\n    body {\n      margin: 0;\n      font-family: \"Segoe UI\", Tahoma, Geneva, Verdana, sans-serif;\n      display: flex;\n      background-color: #f5f5f5;\n    }\n\n    .sidebar {\n      position: fixed;\n      top: 20px;\n      left: 20px;\n      width: 100%;\n      background: #fff;\n      border: 1px solid #ddd;\n      border-radius: 4px;\n      padding: 10px 0;\n      box-shadow: 0 1px 3px rgba(0,0,0,0.1);\n    }\n\n    .sidebar ul {\n      list-style: none;\n      margin: 0;\n      padding: 0;\n      height: 300px;\n      overflow-y: auto;\n    }\n\n    .sidebar ul li {\n      margin: 0;\n    }\n\n    .sidebar ul li a {\n      display: block;\n      padding: 10px 20px;\n      color: #c12d2b;\n      text-decoration: none;\n      font-size: 18px;\n      border-left: 3px solid transparent;\n      transition: background 0.2s, border-color 0.2s;\n      font-weight: 760;\n    }\n\n    .sidebar ul li a:hover {\n      background-color: #f0f0f0;\n      border-left-color: #0078d7;\n      color: #c12d2b;\n    }\n\n    .content {\n      margin-left: 240px;\n      padding: 40px;\n      flex: 1;\n    }\n\n    .dummy-content {\n      height: auto;\n    }\n  <\/style>\n<\/head>\n<body>\n\n  <nav class=\"sidebar\">\n      <h3>Acc\u00e8s Rapide<\/h3>\n    <ul>\n      <li><a href=\"https:\/\/demo.mfwa.org\/fr\/programmes\/media-good-governance-and-development\/our-activities\">Nos Activit\u00e9s & Projets<\/a><\/li>\n      <li><a href=\"https:\/\/demo.mfwa.org\/fr\/programmes\/media-good-governance-and-development\/next-generation-investigative-journalism-fellowship\/\">Le stage de formation de la nouvelle generation de journalistes d'investigation<\/a><\/li>\n      <li><a href=\"https:\/\/demo.mfwa.org\/fr\/programmes\/media-good-governance-and-development\/the-team\">L'Equipe<\/a><\/li>\n      <li><a href=\"https:\/\/demo.mfwa.org\/fr\/programmes\/media-good-governance-and-development\/success-stories\">R\u00e9cits de succ\u00e8s<\/a><\/li>\n      <li><a href=\"https:\/\/demo.mfwa.org\/fr\/donate\">Faire un don<\/a><\/li>\n    <\/ul>\n  <\/nav>\n\n  <main class=\"content\">\n    <div class=\"dummy-content\"><\/div>\n  <\/main>\n\n<\/body>\n<\/html>\n\n\n\t\t\t\t<\/div>\n\t\t\t\t<\/div>\n\t\t\t\t\t<\/div>\n\t\t<\/div>\n\t\t\t\t<div class=\"elementor-column elementor-col-50 elementor-top-column elementor-element elementor-element-f6bc9de sc_content_align_inherit sc_layouts_column_icons_position_left sc_fly_static\" data-id=\"f6bc9de\" data-element_type=\"column\" data-e-type=\"column\">\n\t\t\t<div class=\"elementor-widget-wrap elementor-element-populated\">\n\t\t\t\t\t\t<div class=\"elementor-element elementor-element-8bd83cf sc_fly_static elementor-widget elementor-widget-trx_sc_layouts_title\" data-id=\"8bd83cf\" data-element_type=\"widget\" data-e-type=\"widget\" data-widget_type=\"trx_sc_layouts_title.default\">\n\t\t\t\t<div class=\"elementor-widget-container\">\n\t\t\t\t\t<div class=\"sc_layouts_title with_content without_image without_tint\" ><div class=\"sc_layouts_title_content\"><div class=\"sc_layouts_title_title\"><h1 class=\"sc_layouts_title_caption\">R\u00e9cits de Succ\u00e8s<\/h1><\/div><div class=\"sc_layouts_title_breadcrumbs\"><div class=\"breadcrumbs\"><a class=\"breadcrumbs_item home\" href=\"https:\/\/demo.mfwa.org\/fr\/\">Home<\/a><span class=\"breadcrumbs_delimiter\"><\/span><span class=\"breadcrumbs_item current\">R\u00e9cits de Succ\u00e8s<\/span><\/div><\/div><\/div><\/div>\t\t\t\t<\/div>\n\t\t\t\t<\/div>\n\t\t\t\t<div class=\"elementor-element elementor-element-593c9aa sc_fly_static elementor-widget elementor-widget-text-editor\" data-id=\"593c9aa\" data-element_type=\"widget\" data-e-type=\"widget\" data-widget_type=\"text-editor.default\">\n\t\t\t\t<div class=\"elementor-widget-container\">\n\t\t\t\t\t\t\t\t\t<div class=\"td-fix-index\"><div class=\"td-fix-index\"><div class=\"td-fix-index\"><div class=\"td-fix-index\"><div class=\"vc_column tdi_91  wpb_column vc_column_container tdc-column td-pb-span8\"><div class=\"wpb_wrapper\"><div class=\"wpb_wrapper wpb_text_column td_block_wrap td_block_wrap vc_column_text tdi_94  tagdiv-type td-pb-border-top td_block_template_1\" data-td-block-uid=\"tdi_94\"><div class=\"td-fix-index\"><p>Au fil des ans, notre travail dans le cadre de ce programme a contribu\u00e9 \u00e0 renforcer et \u00e0 renforcer les capacit\u00e9s des institutions m\u00e9diatiques et des journalistes de la r\u00e9gion. En 2017, par exemple, apr\u00e8s un soutien intensif de deux semaines au renforcement des capacit\u00e9s en interne pour AYV Media Empire bas\u00e9 en Sierra Leone, la directrice g\u00e9n\u00e9rale de l\u2019organisation, Angela Angwenyi, a \u00e9crit:<\/p><p>\u00abJe voudrais prendre un moment pour exprimer notre profonde gratitude \u00e0 la Fondation des M\u00e9dias pour l\u2019Afrique de l\u2019Ouest pour nous avoir offert une opportunit\u00e9 de toute une vie. Les deux derni\u00e8res semaines ont \u00e9t\u00e9 r\u00e9v\u00e9latrices pour nous et notre personnel. Avec cette opportunit\u00e9 de perfectionnement professionnel de 2 semaines, nous sommes convaincus qu\u2019AYV Media Empire continuera de devenir la premi\u00e8re maison des m\u00e9dias de la r\u00e9gion. \u201c<\/p><p>Nous avons offert des programmes de renforcement des capacit\u00e9s internes similaires \u00e0 un certain nombre d\u2019autres organisations m\u00e9diatiques de la r\u00e9gion, obtenant les m\u00eames r\u00e9sultats que dans le cas d\u2019AYV Media Empire.<\/p><p>Outre le soutien au d\u00e9veloppement des capacit\u00e9s institutionnelles holistiques des organisations de m\u00e9dias, nous avons \u00e9galement form\u00e9 plus de 250 journalistes individuels de toute la r\u00e9gion au cours des trois derni\u00e8res ann\u00e9es seulement et plus de 1 000 au cours de la derni\u00e8re d\u00e9cennie. Ces formations ont couvert des domaines tels que le journalisme d\u2019investigation, le journalisme de donn\u00e9es, les rapports de gouvernance participative et responsable, la programmation de nouvelles, l\u2019\u00e9dition, la production de documentaires, entre autres. Un r\u00e9seau r\u00e9gional de journalistes d\u2019investigation a \u00e9galement \u00e9t\u00e9 mis en place r\u00e9cemment pour faciliter les enqu\u00eates transfrontali\u00e8res.<\/p><p>Bien que nous consid\u00e9rions la preuve d\u2019une capacit\u00e9 accrue des m\u00e9dias et des journalistes comme une \u00e9tape importante, ce que nous reconnaissons comme un succ\u00e8s ultime, c\u2019est lorsque les institutions m\u00e9diatiques soutenues et leurs journalistes utilisent leurs capacit\u00e9s, leurs connaissances et leurs comp\u00e9tences am\u00e9lior\u00e9es pour aider \u00e0 favoriser une gouvernance inclusive, transparente et responsable. Nous sommes heureux de dire qu\u2019un nombre consid\u00e9rable d\u2019institutions m\u00e9diatiques et de journalistes que nous avons soutenus au fil des ans font exactement cela: favoriser la participation, la transparence et la responsabilit\u00e9 par le journalisme.<\/p><p>Les journalistes et les maisons de presse que nous avons soutenus continuent de produire des rapports d\u2019enqu\u00eate, des documentaires et des reportages de haute qualit\u00e9 qui obligent les agents publics \u00e0 rendre des comptes et les incitent \u00e0 r\u00e9agir et \u00e0 agir sur la fourniture de biens et services publics et sur une meilleure utilisation des ressources de l\u2019\u00c9tat.<\/p><p>Au niveau local, le programme a r\u00e9ussi \u00e0 nourrir une culture d\u2019\u00e9change d\u2019informations par les m\u00e9dias (\u00e0 la fois traditionnels et nouveaux) entre les citoyens de la communaut\u00e9 et les autorit\u00e9s gouvernementales locales dans un certain nombre de districts locaux.<\/p><p>Par exemple, dans un certain nombre de districts cibles au Ghana, les autorit\u00e9s locales ont \u00e9t\u00e9 soutenues pour d\u00e9velopper des strat\u00e9gies de communication. Ils ont \u00e9galement \u00e9t\u00e9 form\u00e9s pour mettre en \u0153uvre les strat\u00e9gies de communication pour un \u00e9change d\u2019informations efficace avec les citoyens. Les autorit\u00e9s de ces assembl\u00e9es se livrent \u00e9galement \u00e0 une \u00e9mission de radio trimestrielle connue sous le nom de \u00abl\u2019\u00c9tat du district\u00bb pour informer le public de l\u2019\u00e9tat des affaires dans la r\u00e9gion et pour r\u00e9pondre \u00e9galement aux questions des citoyens sur le d\u00e9veloppement et l\u2019utilisation des ressources.<\/p><\/div><\/div><div class=\"clearfix\">\u00a0<\/div><\/div><\/div><\/div><\/div><\/div><\/div>\t\t\t\t\t\t\t\t<\/div>\n\t\t\t\t<\/div>\n\t\t\t\t\t<\/div>\n\t\t<\/div>\n\t\t\t\t\t<\/div>\n\t\t<\/section>\n\t\t\t\t<\/div>\n\t\t","protected":false},"excerpt":{"rendered":"<p>MFWA\u2011style Sidebar Menu Acc\u00e8s Rapide Nos Activit\u00e9s &#038; Projets Le stage de formation de la nouvelle generation de<\/p>\n","protected":false},"author":65,"featured_media":0,"parent":46721,"menu_order":0,"comment_status":"closed","ping_status":"closed","template":"","meta":{"footnotes":""},"staff-position":[],"class_list":["post-47637","page","type-page","status-publish","hentry"],"_links":{"self":[{"href":"https:\/\/demo.mfwa.org\/fr\/wp-json\/wp\/v2\/pages\/47637","targetHints":{"allow":["GET"]}}],"collection":[{"href":"https:\/\/demo.mfwa.org\/fr\/wp-json\/wp\/v2\/pages"}],"about":[{"href":"https:\/\/demo.mfwa.org\/fr\/wp-json\/wp\/v2\/types\/page"}],"author":[{"embeddable":true,"href":"https:\/\/demo.mfwa.org\/fr\/wp-json\/wp\/v2\/users\/65"}],"replies":[{"embeddable":true,"href":"https:\/\/demo.mfwa.org\/fr\/wp-json\/wp\/v2\/comments?post=47637"}],"version-history":[{"count":7,"href":"https:\/\/demo.mfwa.org\/fr\/wp-json\/wp\/v2\/pages\/47637\/revisions"}],"predecessor-version":[{"id":47726,"href":"https:\/\/demo.mfwa.org\/fr\/wp-json\/wp\/v2\/pages\/47637\/revisions\/47726"}],"up":[{"embeddable":true,"href":"https:\/\/demo.mfwa.org\/fr\/wp-json\/wp\/v2\/pages\/46721"}],"wp:attachment":[{"href":"https:\/\/demo.mfwa.org\/fr\/wp-json\/wp\/v2\/media?parent=47637"}],"wp:term":[{"taxonomy":"staff-position","embeddable":true,"href":"https:\/\/demo.mfwa.org\/fr\/wp-json\/wp\/v2\/staff-position?post=47637"}],"curies":[{"name":"wp","href":"https:\/\/api.w.org\/{rel}","templated":true}]}}